{"id":82,"date":"2023-01-26T10:51:28","date_gmt":"2023-01-26T10:51:28","guid":{"rendered":"http:\/\/www.ranaxhotel.com\/?page_id=82"},"modified":"2026-01-27T15:36:04","modified_gmt":"2026-01-27T15:36:04","slug":"otelimiz","status":"publish","type":"page","link":"https:\/\/www.ranaxhotel.com\/index.php\/otelimiz\/","title":{"rendered":"Otelimiz"},"content":{"rendered":"\t\t<div data-elementor-type=\"wp-page\" data-elementor-id=\"82\" class=\"elementor elementor-82\" data-elementor-settings=\"[]\">\n\t\t\t\t\t\t<div class=\"elementor-inner\">\n\t\t\t\t\t\t\t<div class=\"elementor-section-wrap\">\n\t\t\t\t\t\t\t<section class=\"elementor-section elementor-top-section elementor-element elementor-element-76231d4 elementor-section-boxed elementor-section-height-default elementor-section-height-default\" data-id=\"76231d4\" data-element_type=\"section\">\n\t\t\t\t\t\t<div class=\"elementor-container elementor-column-gap-default\">\n\t\t\t\t\t\t\t<div class=\"elementor-row\">\n\t\t\t\t\t<div class=\"elementor-column elementor-col-100 elementor-top-column elementor-element elementor-element-228afe3\" data-id=\"228afe3\" data-element_type=\"column\">\n\t\t\t<div class=\"elementor-column-wrap elementor-element-populated\">\n\t\t\t\t\t\t\t<div class=\"elementor-widget-wrap\">\n\t\t\t\t\t\t<div class=\"elementor-element elementor-element-ac2eb9f elementor-widget elementor-widget-text-editor\" data-id=\"ac2eb9f\" data-element_type=\"widget\" data-widget_type=\"text-editor.default\">\n\t\t\t\t<div class=\"elementor-widget-container\">\n\t\t\t\t\t<div class=\"elementor-text-editor elementor-clearfix\"><h4><strong>OTEL\u0130M\u0130Z<\/strong><\/h4><h4>Ranax Hotel<\/h4><\/div>\n\t\t\t\t<\/div>\n\t\t\t\t<\/div>\n\t\t\t\t\t\t<\/div>\n\t\t\t\t\t<\/div>\n\t\t<\/div>\n\t\t\t\t\t\t\t\t<\/div>\n\t\t\t\t\t<\/div>\n\t\t<\/section>\n\t\t\t\t<section class=\"elementor-section elementor-top-section elementor-element elementor-element-048ffd1 elementor-section-boxed elementor-section-height-default elementor-section-height-default\" data-id=\"048ffd1\" data-element_type=\"section\">\n\t\t\t\t\t\t<div class=\"elementor-container elementor-column-gap-default\">\n\t\t\t\t\t\t\t<div class=\"elementor-row\">\n\t\t\t\t\t<div class=\"elementor-column elementor-col-33 elementor-top-column elementor-element elementor-element-738bd47\" data-id=\"738bd47\" data-element_type=\"column\">\n\t\t\t<div class=\"elementor-column-wrap elementor-element-populated\">\n\t\t\t\t\t\t\t<div class=\"elementor-widget-wrap\">\n\t\t\t\t\t\t<div class=\"elementor-element elementor-element-3dd7822 elementor-widget elementor-widget-image\" data-id=\"3dd7822\" data-element_type=\"widget\" data-widget_type=\"image.default\">\n\t\t\t\t<div class=\"elementor-widget-container\">\n\t\t\t\t\t<div class=\"elementor-image\">\n\t\t\t\t\t\t\t\t\t\t<img loading=\"lazy\" decoding=\"async\" width=\"140\" height=\"140\" src=\"https:\/\/www.ranaxhotel.com\/wp-content\/uploads\/2023\/01\/ds.jpg\" class=\"attachment-large size-large\" alt=\"\" style=\"width:100%;height:100%;max-width:140px;\" \/>\t\t\t\t\t\t\t\t\t\t\t<\/div>\n\t\t\t\t<\/div>\n\t\t\t\t<\/div>\n\t\t\t\t<div class=\"elementor-element elementor-element-a6eca7d elementor-widget elementor-widget-text-editor\" data-id=\"a6eca7d\" data-element_type=\"widget\" data-widget_type=\"text-editor.default\">\n\t\t\t\t<div class=\"elementor-widget-container\">\n\t\t\t\t\t<div class=\"elementor-text-editor elementor-clearfix\"><p><strong>Denize S\u0131f\u0131r<\/strong><br \/>Otelimiz Kumburgaz Sahilinde Olup Denize S\u0131f\u0131rd\u0131r<\/p><\/div>\n\t\t\t\t<\/div>\n\t\t\t\t<\/div>\n\t\t\t\t\t\t<\/div>\n\t\t\t\t\t<\/div>\n\t\t<\/div>\n\t\t\t\t<div class=\"elementor-column elementor-col-33 elementor-top-column elementor-element elementor-element-1334711\" data-id=\"1334711\" data-element_type=\"column\">\n\t\t\t<div class=\"elementor-column-wrap elementor-element-populated\">\n\t\t\t\t\t\t\t<div class=\"elementor-widget-wrap\">\n\t\t\t\t\t\t<div class=\"elementor-element elementor-element-e331af9 elementor-widget elementor-widget-image\" data-id=\"e331af9\" data-element_type=\"widget\" data-widget_type=\"image.default\">\n\t\t\t\t<div class=\"elementor-widget-container\">\n\t\t\t\t\t<div class=\"elementor-image\">\n\t\t\t\t\t\t\t\t\t\t<img loading=\"lazy\" decoding=\"async\" width=\"140\" height=\"140\" src=\"https:\/\/www.ranaxhotel.com\/wp-content\/uploads\/2023\/01\/fr.jpg\" class=\"attachment-large size-large\" alt=\"\" style=\"width:100%;height:100%;max-width:140px;\" \/>\t\t\t\t\t\t\t\t\t\t\t<\/div>\n\t\t\t\t<\/div>\n\t\t\t\t<\/div>\n\t\t\t\t<div class=\"elementor-element elementor-element-070426e elementor-widget elementor-widget-text-editor\" data-id=\"070426e\" data-element_type=\"widget\" data-widget_type=\"text-editor.default\">\n\t\t\t\t<div class=\"elementor-widget-container\">\n\t\t\t\t\t<div class=\"elementor-text-editor elementor-clearfix\"><p><strong>Ferahl\u0131k<\/strong><\/p><p>A\u00e7\u0131k Tavan Sosyal Alan\u0131 ile Tesis \u0130\u00e7inde A\u00e7\u0131k Havan\u0131n ve G\u00f6ky\u00fcz\u00fcn\u00fcn Keyfini \u00c7\u0131kar\u0131n<\/p><\/div>\n\t\t\t\t<\/div>\n\t\t\t\t<\/div>\n\t\t\t\t\t\t<\/div>\n\t\t\t\t\t<\/div>\n\t\t<\/div>\n\t\t\t\t<div class=\"elementor-column elementor-col-33 elementor-top-column elementor-element elementor-element-9f03fa0\" data-id=\"9f03fa0\" data-element_type=\"column\">\n\t\t\t<div class=\"elementor-column-wrap elementor-element-populated\">\n\t\t\t\t\t\t\t<div class=\"elementor-widget-wrap\">\n\t\t\t\t\t\t<div class=\"elementor-element elementor-element-d381c5a elementor-widget elementor-widget-image\" data-id=\"d381c5a\" data-element_type=\"widget\" data-widget_type=\"image.default\">\n\t\t\t\t<div class=\"elementor-widget-container\">\n\t\t\t\t\t<div class=\"elementor-image\">\n\t\t\t\t\t\t\t\t\t\t<img loading=\"lazy\" decoding=\"async\" width=\"140\" height=\"140\" src=\"https:\/\/www.ranaxhotel.com\/wp-content\/uploads\/2023\/01\/sg.jpg\" class=\"attachment-large size-large\" alt=\"\" style=\"width:100%;height:100%;max-width:140px;\" \/>\t\t\t\t\t\t\t\t\t\t\t<\/div>\n\t\t\t\t<\/div>\n\t\t\t\t<\/div>\n\t\t\t\t<div class=\"elementor-element elementor-element-c360b91 elementor-widget elementor-widget-text-editor\" data-id=\"c360b91\" data-element_type=\"widget\" data-widget_type=\"text-editor.default\">\n\t\t\t\t<div class=\"elementor-widget-container\">\n\t\t\t\t\t<div class=\"elementor-text-editor elementor-clearfix\"><p><strong>Sa\u011fl\u0131kl\u0131<\/strong><\/p><p>Koronovir\u00fcs \u00d6nlemleri ve Di\u011fer Sa\u011fl\u0131k \u00d6nlemleri ile Misafirlerimiz Koruma Alt\u0131ndad\u0131r.<\/p><\/div>\n\t\t\t\t<\/div>\n\t\t\t\t<\/div>\n\t\t\t\t\t\t<\/div>\n\t\t\t\t\t<\/div>\n\t\t<\/div>\n\t\t\t\t\t\t\t\t<\/div>\n\t\t\t\t\t<\/div>\n\t\t<\/section>\n\t\t\t\t<section class=\"elementor-section elementor-top-section elementor-element elementor-element-0220f02 elementor-section-boxed elementor-section-height-default elementor-section-height-default\" data-id=\"0220f02\" data-element_type=\"section\">\n\t\t\t\t\t\t<div class=\"elementor-container elementor-column-gap-default\">\n\t\t\t\t\t\t\t<div class=\"elementor-row\">\n\t\t\t\t\t<div class=\"elementor-column elementor-col-33 elementor-top-column elementor-element elementor-element-715dfc5\" data-id=\"715dfc5\" data-element_type=\"column\">\n\t\t\t<div class=\"elementor-column-wrap elementor-element-populated\">\n\t\t\t\t\t\t\t<div class=\"elementor-widget-wrap\">\n\t\t\t\t\t\t<div class=\"elementor-element elementor-element-0e1a034 elementor-widget elementor-widget-image\" data-id=\"0e1a034\" data-element_type=\"widget\" data-widget_type=\"image.default\">\n\t\t\t\t<div class=\"elementor-widget-container\">\n\t\t\t\t\t<div class=\"elementor-image\">\n\t\t\t\t\t\t\t\t\t\t<img loading=\"lazy\" decoding=\"async\" width=\"140\" height=\"140\" src=\"https:\/\/www.ranaxhotel.com\/wp-content\/uploads\/2023\/01\/ev.jpg\" class=\"attachment-large size-large\" alt=\"\" style=\"width:100%;height:100%;max-width:140px;\" \/>\t\t\t\t\t\t\t\t\t\t\t<\/div>\n\t\t\t\t<\/div>\n\t\t\t\t<\/div>\n\t\t\t\t<div class=\"elementor-element elementor-element-935f23d elementor-widget elementor-widget-text-editor\" data-id=\"935f23d\" data-element_type=\"widget\" data-widget_type=\"text-editor.default\">\n\t\t\t\t<div class=\"elementor-widget-container\">\n\t\t\t\t\t<div class=\"elementor-text-editor elementor-clearfix\"><p><strong>Eviniz Gibi<\/strong><br \/>Odalar\u0131m\u0131zda Evinizin Konforunu Tatman\u0131z \u0130\u00e7in Gerekli Her\u015feyi Tasarlad\u0131k.<\/p><\/div>\n\t\t\t\t<\/div>\n\t\t\t\t<\/div>\n\t\t\t\t\t\t<\/div>\n\t\t\t\t\t<\/div>\n\t\t<\/div>\n\t\t\t\t<div class=\"elementor-column elementor-col-33 elementor-top-column elementor-element elementor-element-a1c3621\" data-id=\"a1c3621\" data-element_type=\"column\">\n\t\t\t<div class=\"elementor-column-wrap elementor-element-populated\">\n\t\t\t\t\t\t\t<div class=\"elementor-widget-wrap\">\n\t\t\t\t\t\t<div class=\"elementor-element elementor-element-cf485aa elementor-widget elementor-widget-image\" data-id=\"cf485aa\" data-element_type=\"widget\" data-widget_type=\"image.default\">\n\t\t\t\t<div class=\"elementor-widget-container\">\n\t\t\t\t\t<div class=\"elementor-image\">\n\t\t\t\t\t\t\t\t\t\t<img loading=\"lazy\" decoding=\"async\" width=\"140\" height=\"140\" src=\"https:\/\/www.ranaxhotel.com\/wp-content\/uploads\/2023\/01\/pey.jpg\" class=\"attachment-large size-large\" alt=\"\" style=\"width:100%;height:100%;max-width:140px;\" \/>\t\t\t\t\t\t\t\t\t\t\t<\/div>\n\t\t\t\t<\/div>\n\t\t\t\t<\/div>\n\t\t\t\t<div class=\"elementor-element elementor-element-e0d8d71 elementor-widget elementor-widget-text-editor\" data-id=\"e0d8d71\" data-element_type=\"widget\" data-widget_type=\"text-editor.default\">\n\t\t\t\t<div class=\"elementor-widget-container\">\n\t\t\t\t\t<div class=\"elementor-text-editor elementor-clearfix\"><p><strong>M\u00fckemmel Peyzaj<\/strong><br \/>Otelimiz \u0130\u00e7 ve D\u0131\u015f Alanlar\u0131 Akdeniz ve Ege Bitkilerinden \u0130lham Alarak Su Toprak ve Ya\u015fayan Do\u011fa ile S\u00fcslenmi\u015ftir.<\/p><\/div>\n\t\t\t\t<\/div>\n\t\t\t\t<\/div>\n\t\t\t\t\t\t<\/div>\n\t\t\t\t\t<\/div>\n\t\t<\/div>\n\t\t\t\t<div class=\"elementor-column elementor-col-33 elementor-top-column elementor-element elementor-element-381234d\" data-id=\"381234d\" data-element_type=\"column\">\n\t\t\t<div class=\"elementor-column-wrap elementor-element-populated\">\n\t\t\t\t\t\t\t<div class=\"elementor-widget-wrap\">\n\t\t\t\t\t\t<div class=\"elementor-element elementor-element-7f8acde elementor-widget elementor-widget-image\" data-id=\"7f8acde\" data-element_type=\"widget\" data-widget_type=\"image.default\">\n\t\t\t\t<div class=\"elementor-widget-container\">\n\t\t\t\t\t<div class=\"elementor-image\">\n\t\t\t\t\t\t\t\t\t\t<img loading=\"lazy\" decoding=\"async\" width=\"140\" height=\"140\" src=\"https:\/\/www.ranaxhotel.com\/wp-content\/uploads\/2023\/01\/gast.jpg\" class=\"attachment-large size-large\" alt=\"\" style=\"width:100%;height:100%;max-width:140px;\" \/>\t\t\t\t\t\t\t\t\t\t\t<\/div>\n\t\t\t\t<\/div>\n\t\t\t\t<\/div>\n\t\t\t\t<div class=\"elementor-element elementor-element-13c80ea elementor-widget elementor-widget-text-editor\" data-id=\"13c80ea\" data-element_type=\"widget\" data-widget_type=\"text-editor.default\">\n\t\t\t\t<div class=\"elementor-widget-container\">\n\t\t\t\t\t<div class=\"elementor-text-editor elementor-clearfix\"><p><strong>Gastronomi<\/strong><br \/>Deniz ve Et A\u011f\u0131rl\u0131kl\u0131 Mutfa\u011f\u0131m\u0131z Ak\u015fam Yemeklerinde, Do\u011fal Kahvalt\u0131lar\u0131m\u0131z ise g\u00fcne merhaba derken sizleri mutlu<\/p><\/div>\n\t\t\t\t<\/div>\n\t\t\t\t<\/div>\n\t\t\t\t\t\t<\/div>\n\t\t\t\t\t<\/div>\n\t\t<\/div>\n\t\t\t\t\t\t\t\t<\/div>\n\t\t\t\t\t<\/div>\n\t\t<\/section>\n\t\t\t\t\t\t<\/div>\n\t\t\t\t\t\t<\/div>\n\t\t\t\t\t<\/div>\n\t\t","protected":false},"excerpt":{"rendered":"<p>OTEL\u0130M\u0130Z Ranax Hotel Denize S\u0131f\u0131rOtelimiz Kumburgaz Sahilinde Olup Denize S\u0131f\u0131rd\u0131r Ferahl\u0131k A\u00e7\u0131k Tavan Sosyal Alan\u0131 ile Tesis \u0130\u00e7inde A\u00e7\u0131k Havan\u0131n ve G\u00f6ky\u00fcz\u00fcn\u00fcn Keyfini \u00c7\u0131kar\u0131n Sa\u011fl\u0131kl\u0131 Koronovir\u00fcs \u00d6nlemleri ve Di\u011fer Sa\u011fl\u0131k \u00d6nlemleri ile Misafirlerimiz Koruma Alt\u0131ndad\u0131r. Eviniz GibiOdalar\u0131m\u0131zda Evinizin Konforunu Tatman\u0131z \u0130\u00e7in Gerekli Her\u015feyi Tasarlad\u0131k. M\u00fckemmel PeyzajOtelimiz \u0130\u00e7 ve D\u0131\u015f Alanlar\u0131 Akdeniz ve Ege Bitkilerinden \u0130lham&hellip; <a class=\"more-link\" href=\"https:\/\/www.ranaxhotel.com\/index.php\/otelimiz\/\">Okumaya devam et <span class=\"screen-reader-text\">Otelimiz<\/span><\/a><\/p>\n","protected":false},"author":1,"featured_media":0,"parent":0,"menu_order":0,"comment_status":"closed","ping_status":"closed","template":"elementor_header_footer","meta":{"footnotes":""},"_links":{"self":[{"href":"https:\/\/www.ranaxhotel.com\/index.php\/wp-json\/wp\/v2\/pages\/82"}],"collection":[{"href":"https:\/\/www.ranaxhotel.com\/index.php\/wp-json\/wp\/v2\/pages"}],"about":[{"href":"https:\/\/www.ranaxhotel.com\/index.php\/wp-json\/wp\/v2\/types\/page"}],"author":[{"embeddable":true,"href":"https:\/\/www.ranaxhotel.com\/index.php\/wp-json\/wp\/v2\/users\/1"}],"replies":[{"embeddable":true,"href":"https:\/\/www.ranaxhotel.com\/index.php\/wp-json\/wp\/v2\/comments?post=82"}],"version-history":[{"count":13,"href":"https:\/\/www.ranaxhotel.com\/index.php\/wp-json\/wp\/v2\/pages\/82\/revisions"}],"predecessor-version":[{"id":160,"href":"https:\/\/www.ranaxhotel.com\/index.php\/wp-json\/wp\/v2\/pages\/82\/revisions\/160"}],"wp:attachment":[{"href":"https:\/\/www.ranaxhotel.com\/index.php\/wp-json\/wp\/v2\/media?parent=82"}],"curies":[{"name":"wp","href":"https:\/\/api.w.org\/{rel}","templated":true}]}}